{"id":2,"date":"2014-03-17T21:53:22","date_gmt":"2014-03-17T20:53:22","guid":{"rendered":"http:\/\/www.philipgunkel.de\/?page_id=2"},"modified":"2023-01-02T17:15:07","modified_gmt":"2023-01-02T16:15:07","slug":"impressum","status":"publish","type":"page","link":"https:\/\/www.philipgunkel.de\/de\/impressum\/","title":{"rendered":"IMPRESSUM"},"content":{"rendered":"<h1 class=\"has-text-color wp-block-heading\" style=\"color:#000000\"><\/h1>\n\n\n\n<h2 class=\"has-text-color wp-block-heading\" style=\"color:#000000\"><\/h2>\n\n\n\n<h5 class=\"wp-block-heading\">&nbsp;<\/h5>\n\n\n\n<h5 class=\"wp-block-heading\"><span style=\"color: #ffffff;\">Herausgeber und verantwortlich f\u00fcr den Inhalt<\/span><br><span style=\"color: #ffffff;\"> gem\u00e4\u00df \u00a7 10 Absatz 3 MDStV<\/span><\/h5>\n\n\n\n<h5 class=\"wp-block-heading\"><span style=\"color: #ffffff;\">&nbsp;<figure><a style=\"color: #ffffff;\" href=\"http:\/\/www.philipgunkel.de\/wp-content\/uploads\/2016\/11\/LOGOonWHITEFINAL.png\" class=\"link-to-image js-link-to-image\"><img loading=\"lazy\" decoding=\"async\" data-attachment-id=\"3610\" data-permalink=\"https:\/\/www.philipgunkel.de\/de\/impressum\/logoonwhitefinal\/\" data-orig-file=\"https:\/\/www.philipgunkel.de\/wp-content\/uploads\/2016\/11\/LOGOonWHITEFINAL.png\" data-orig-size=\"300,79\" data-comments-opened=\"0\" data-image-meta=\"{&quot;aperture&quot;:&quot;0&quot;,&quot;credit&quot;:&quot;&quot;,&quot;camera&quot;:&quot;&quot;,&quot;caption&quot;:&quot;&quot;,&quot;created_timestamp&quot;:&quot;0&quot;,&quot;copyright&quot;:&quot;&quot;,&quot;focal_length&quot;:&quot;0&quot;,&quot;iso&quot;:&quot;0&quot;,&quot;shutter_speed&quot;:&quot;0&quot;,&quot;title&quot;:&quot;&quot;,&quot;orientation&quot;:&quot;0&quot;}\" data-image-title=\"logoonwhitefinal\" data-image-description=\"\" data-image-caption=\"\" data-large-file=\"https:\/\/www.philipgunkel.de\/wp-content\/uploads\/2016\/11\/LOGOonWHITEFINAL.png\" class=\"alignnone size-full wp-image-3610\" src=\"http:\/\/www.philipgunkel.de\/wp-content\/uploads\/2016\/11\/LOGOonWHITEFINAL.png\" alt=\"\" width=\"300\" height=\"79\"><\/a><\/figure><\/span><\/h5>\n\n\n\n<h5 class=\"wp-block-heading\"><span style=\"color: #ffffff;\">&nbsp;St. Nr: 14\/323\/01478<\/span><\/h5>\n\n\n\n<p><span style=\"color: #ffffff;\">Philip Gunkel<\/span><\/p>\n\n\n\n<p class=\"has-black-color has-text-color\"><span style=\"color: #ffffff;\">10999 Berlin, Deutschland<\/span><\/p>\n\n\n\n<p><span style=\"color: #ffffff;\">+49 163 989 4 111<\/span><\/p>\n\n\n\n<h5 class=\"wp-block-heading\"><span style=\"color: #ffffff;\">&nbsp;<\/span><\/h5>\n\n\n\n<h5 class=\"wp-block-heading\"><span style=\"color: #ffffff;\">&nbsp;<\/span><\/h5>\n\n\n\n<p><span style=\"color: #ffffff;\">Copyright &amp; Disclaimer<\/span><\/p>\n\n\n\n<h5 class=\"wp-block-heading\"><span style=\"color: #ffffff;\">Haftung f\u00fcr Inhalte<\/span><\/h5>\n\n\n\n<h5 class=\"wp-block-heading\"><span style=\"color: #ffffff;\">Die Inhalte unserer Seiten wurden mit gr\u00f6\u00dfter Sorgfalt erstellt. F\u00fcr die Richtigkeit, Vollst\u00e4ndigkeit und Aktualit\u00e4t der Inhalte k\u00f6nnen wir jedoch keine Gew\u00e4hr \u00fcbernehmen. Als Diensteanbieter sind wir gem\u00e4\u00df \u00a7 6 Abs.1 MDStV und \u00a7 8 Abs.1 TDG f\u00fcr eigene Inhalte auf diesen Seiten nach den allgemeinen Gesetzen verantwortlich. Diensteanbieter sind jedoch nicht verpflichtet, die von ihnen \u00fcbermittelten oder gespeicherten fremden Informationen zu \u00fcberwachen oder nach Umst\u00e4nden zu forschen, die auf eine rechtswidrige T\u00e4tigkeit hinweisen. Verpflichtungen zur Entfernung oder Sperrung der Nutzung von Informationen nach den allgemeinen Gesetzen bleiben hiervon unber\u00fchrt. Eine diesbez\u00fcgliche Haftung ist jedoch erst ab dem Zeitpunkt der Kenntnis einer konkreten Rechtsverletzung m\u00f6glich. Bei bekannt werden von entsprechenden Rechtsverletzungen werden wir diese Inhalte umgehend entfernen.<\/span><\/h5>\n\n\n\n<h5 class=\"wp-block-heading\"><span style=\"color: #ffffff;\">Haftung f\u00fcr Links<\/span><\/h5>\n\n\n\n<h5 class=\"wp-block-heading\"><span style=\"color: #ffffff;\">Unser Angebot enth\u00e4lt Links zu externen Webseiten Dritter, auf deren Inhalte wir keinen Einfluss haben. Deshalb k\u00f6nnen wir f\u00fcr diese fremden Inhalte auch keine Gew\u00e4hr \u00fcbernehmen. F\u00fcr die Inhalte der verlinkten Seiten ist stets der jeweilige Anbieter oder Betreiber der Seiten verantwortlich. Die verlinkten Seiten wurden zum Zeitpunkt der Verlinkung auf m\u00f6gliche Rechtsverst\u00f6\u00dfe \u00fcberpr\u00fcft. Rechtswidrige Inhalte waren zum Zeitpunkt der Verlinkung nicht erkennbar. Eine permanente inhaltliche Kontrolle der verlinkten Seiten ist jedoch ohne konkrete Anhaltspunkte einer Rechtsverletzung nicht zumutbar. Bei bekannt werden von Rechtsverletzungen werden wir derartige Links umgehend entfernen.<\/span><\/h5>\n\n\n\n<h5 class=\"wp-block-heading\"><span style=\"color: #ffffff;\">Urheberrecht<\/span><\/h5>\n\n\n\n<h5 class=\"wp-block-heading\"><span style=\"color: #ffffff;\">Die Betreiber der Seiten sind bem\u00fcht, stets die Urheberrechte anderer zu beachten bzw. auf selbst erstellte sowie lizenzfreie Werke zur\u00fcckzugreifen.Die durch die Seitenbetreiber erstellten Inhalte und Werke auf diesen Seiten unterliegen dem deutschen Urheberrecht. Beitr\u00e4ge Dritter sind als solche gekennzeichnet. Die Vervielf\u00e4ltigung, Bearbeitung, Verbreitung und jede Art der Verwertung au\u00dferhalb der Grenzen des Urheberrechtes bed\u00fcrfen der schriftlichen Zustimmung des jeweiligen Autors bzw. Erstellers. Downloads und Kopien dieser Seite sind nur f\u00fcr den privaten, nicht kommerziellen Gebrauch gestattet.<\/span><\/h5>\n\n\n\n<h5 class=\"wp-block-heading\"><span style=\"color: #ffffff;\">Datenschutz<\/span><\/h5>\n\n\n\n<h5 class=\"wp-block-heading\"><span style=\"color: #ffffff;\">Soweit auf unseren Seiten personenbezogene Daten (beispielsweise Name, Anschrift oder eMail-Adressen) erhoben werden, erfolgt dies soweit m\u00f6glich stets auf freiwilliger Basis. Die Nutzung der Angebote und Dienste ist, soweit m\u00f6glich, stets ohne Angabe personenbezogener Daten m\u00f6glich. Der Nutzung von im Rahmen der Impressumspflicht ver\u00f6ffentlichten Kontaktdaten durch Dritte zur \u00dcbersendung von nicht ausdr\u00fccklich angeforderter Werbung und Informationsmaterialien wird hiermit ausdr\u00fccklich widersprochen. Die Betreiber der Seiten behalten sich ausdr\u00fccklich rechtliche Schritte im Falle der unverlangten Zusendung von Werbeinformationen, etwa durch Spam-Mails, vor.<\/span><\/h5>\n\n\n\n<p><span style=\"color: #ffffff;\">Copyright \u00a9 Philip Gunkel, Berlin\/Germany 2023.<\/span><\/p>\n\n\n\n<p><\/p>","protected":false},"excerpt":{"rendered":"<p>&nbsp; Herausgeber und verantwortlich f\u00fcr den Inhalt gem\u00e4\u00df \u00a7 10 Absatz 3 MDStV &nbsp; &nbsp;St. Nr: 14\/323\/01478 Philip Gunkel 10999 Berlin, Deutschland +49 163 989 4 111 &nbsp; &nbsp; Copyright &amp; Disclaimer Haftung f\u00fcr Inhalte Die Inhalte unserer Seiten wurden mit gr\u00f6\u00dfter Sorgfalt erstellt. F\u00fcr die Richtigkeit, Vollst\u00e4ndigkeit und Aktualit\u00e4t &hellip;<\/p>\n<div class=\"wrap-excerpt-more\"><a class=\"excerpt-more\" href=\"https:\/\/www.philipgunkel.de\/de\/impressum\/\">Read more<\/a><\/div>","protected":false},"author":1,"featured_media":0,"parent":0,"menu_order":7,"comment_status":"closed","ping_status":"closed","template":"","meta":{"om_disable_all_campaigns":false,"_monsterinsights_skip_tracking":false,"_monsterinsights_sitenote_active":false,"_monsterinsights_sitenote_note":"","_monsterinsights_sitenote_category":0,"advanced_seo_description":"","jetpack_seo_html_title":"","jetpack_seo_noindex":false,"jetpack_post_was_ever_published":false,"footnotes":""},"class_list":["post-2","page","type-page","status-publish","hentry","post--no-featured-image"],"jetpack_shortlink":"https:\/\/wp.me\/P84tX0-2","jetpack-related-posts":[{"id":2734,"url":"https:\/\/www.philipgunkel.de\/de\/agb\/","url_meta":{"origin":2,"position":0},"title":"AGB","author":"phigun","date":"26. Januar 2016","format":false,"excerpt":"ALLGEMEINE GESCH\u00c4FTSBEDINGUNGEN AGB \u00a7 1 Allgemeines 1. Alle Angebote, Lieferungen, Auftr\u00e4ge und die Vergabe von Nutzungsrechten erfolgen zu den Allgemeinen Gesch\u00e4ftsbedingungen des Fotografen in der zum Zeitpunkt der Bestellung g\u00fcltigen Fassung, Anderweitige Nutzungsbedingungen m\u00fcssen gesondert vereinbart werden. 2. Diese Allgemeinen Gesch\u00e4ftsbedingungen gelten ausschlie\u00dflich. Von diesen Allgemeinen Gesch\u00e4ftsbedingungen abweichende Allgemeine Gesch\u00e4ftsbedingungen\u2026","rel":"","context":"\u00c4hnlicher Beitrag","block_context":{"text":"\u00c4hnlicher Beitrag","link":""},"img":{"alt_text":"","src":"","width":0,"height":0},"classes":[]},{"id":2732,"url":"https:\/\/www.philipgunkel.de\/de\/datenschutzerklaerung\/","url_meta":{"origin":2,"position":1},"title":"DATENSCHUTZERKL\u00c4RUNG","author":"phigun","date":"26. Januar 2016","format":false,"excerpt":"Datenschutzerkl\u00e4rung 1. Name und Kontaktdaten des f\u00fcr die Verarbeitung Verantwortlichen Diese Datenschutz-Information gilt f\u00fcr die Datenverarbeitung durch: Verantwortlicher: Philip Gunkel, Kohlfurter Str. 37 10999 Berlin Email:kontakt@philipgunkel.de Telefon: +491639894111 2. Erhebung und Speicherung personenbezogener Daten sowie Art und Zweck von deren Verwendung a) Beim Besuch der Website Beim Aufrufen unserer Website\u2026","rel":"","context":"\u00c4hnlicher Beitrag","block_context":{"text":"\u00c4hnlicher Beitrag","link":""},"img":{"alt_text":"","src":"","width":0,"height":0},"classes":[]},{"id":123,"url":"https:\/\/www.philipgunkel.de\/de\/home\/","url_meta":{"origin":2,"position":2},"title":"PORTFOLIO","author":"phigun","date":"18. M\u00e4rz 2014","format":false,"excerpt":"portfolio Eines der wichtigsten Dinge f\u00fcr einen Fotografen ist es, eine Mappe von der eigenen Arbeit zu erstellen. Egal, ob du dich selbst kommerziell vermarkten willst oder einfach eine Sammlung f\u00fcr deine private Nutzung willst, ein Portfolio gibt dir die Gelegenheit, eine begrenzte Gruppe von Bildern zusammenzustellen, die deine beste\u2026","rel":"","context":"\u00c4hnlicher Beitrag","block_context":{"text":"\u00c4hnlicher Beitrag","link":""},"img":{"alt_text":"portfolio","src":"https:\/\/i0.wp.com\/www.philipgunkel.de\/wp-content\/uploads\/2020\/02\/Cover-01-Archismall-300x200.jpg?resize=350%2C200&ssl=1","width":350,"height":200},"classes":[]},{"id":3933,"url":"https:\/\/www.philipgunkel.de\/de\/immobilienfotograf-portfolio-download\/","url_meta":{"origin":2,"position":3},"title":"Immobilienfotograf PORTFOLIO DOWNLOAD","author":"phigun","date":"18. Dezember 2016","format":false,"excerpt":"Immobilienfotograf Portfolio Download Immobilienfotograf Portfolio Download To download the portfolio as a PDF file just click on the image below PDF-PORTFOLIO Ein gut sortiertes PDF-Portfolio Als Model, oder Make up Artist, als Fotograf, oder Grafiker sprechen deine Bilder f\u00fcr dich. Die Frage, wie du deine Portfolio Mappe best\u00fccken und welchen\u2026","rel":"","context":"\u00c4hnlicher Beitrag","block_context":{"text":"\u00c4hnlicher Beitrag","link":""},"img":{"alt_text":"","src":"https:\/\/i0.wp.com\/www.philipgunkel.de\/wp-content\/uploads\/2016\/12\/teaser.jpg?resize=350%2C200&ssl=1","width":350,"height":200,"srcset":"https:\/\/i0.wp.com\/www.philipgunkel.de\/wp-content\/uploads\/2016\/12\/teaser.jpg?resize=350%2C200&ssl=1 1x, https:\/\/i0.wp.com\/www.philipgunkel.de\/wp-content\/uploads\/2016\/12\/teaser.jpg?resize=525%2C300&ssl=1 1.5x, https:\/\/i0.wp.com\/www.philipgunkel.de\/wp-content\/uploads\/2016\/12\/teaser.jpg?resize=700%2C400&ssl=1 2x"},"classes":[]},{"id":1548,"url":"https:\/\/www.philipgunkel.de\/de\/publications-exhibitions\/","url_meta":{"origin":2,"position":4},"title":"PUBLIKATIONEN \/ AUSSTELLUNGEN","author":"phigun","date":"24. Januar 2015","format":false,"excerpt":"publications ver\u00f6ffentlichungen exhibitions ausstellungen publications\/Ver\u00f6ffentlichungen Der Atem der Berge, Bruckmann Verlag,\u00a0zwei Doppelseiten, Format 24,3 x 30,6 cm, Hardcover mit Schutzumschlag,\u00a0ISBN-13: 978-3-7343-0627-3\u00a0 \/ \u00a0Samsung Curved Monitor Screen\u00a0Commercial\u00a0 \/ \u00a0MYP Magazine #16 Meine Stimme \"Breath of Berlin\" \/ fstoplounge \/ shutyouraperture.com\u00a0CAS \/ shutyouraperture.com Leonardo Glass Cube\u00a0 \/\u00a0\u00a0Camerapixo (en)visioniography Fine Art magazine No.\u2026","rel":"","context":"\u00c4hnlicher Beitrag","block_context":{"text":"\u00c4hnlicher Beitrag","link":""},"img":{"alt_text":"","src":"https:\/\/i0.wp.com\/www.philipgunkel.de\/wp-content\/uploads\/2014\/06\/showroom-projekte-Philip-Gunkel01-150x150.jpg?resize=350%2C200&ssl=1","width":350,"height":200,"srcset":"https:\/\/i0.wp.com\/www.philipgunkel.de\/wp-content\/uploads\/2014\/06\/showroom-projekte-Philip-Gunkel01-150x150.jpg?resize=350%2C200&ssl=1 1x, https:\/\/i0.wp.com\/www.philipgunkel.de\/wp-content\/uploads\/2014\/06\/showroom-projekte-Philip-Gunkel01-150x150.jpg?resize=525%2C300&ssl=1 1.5x, https:\/\/i0.wp.com\/www.philipgunkel.de\/wp-content\/uploads\/2014\/06\/showroom-projekte-Philip-Gunkel01-150x150.jpg?resize=700%2C400&ssl=1 2x, https:\/\/i0.wp.com\/www.philipgunkel.de\/wp-content\/uploads\/2014\/06\/showroom-projekte-Philip-Gunkel01-150x150.jpg?resize=1050%2C600&ssl=1 3x, https:\/\/i0.wp.com\/www.philipgunkel.de\/wp-content\/uploads\/2014\/06\/showroom-projekte-Philip-Gunkel01-150x150.jpg?resize=1400%2C800&ssl=1 4x"},"classes":[]},{"id":9583,"url":"https:\/\/www.philipgunkel.de\/de\/architekturfotograf-immobilienfotograf-in-berlin\/","url_meta":{"origin":2,"position":5},"title":"Architekturfotograf &#038; Immobilienfotograf in Berlin","author":"phigun","date":"10. Januar 2023","format":false,"excerpt":"Architekturfotograf & Immobilienfotograf in Berlin Ich bin Philip Gunkel, Ihr erfahrener Architekturfotograf & Immobilienfotograf in Berlin mit \u00fcber 15 Jahren Berufserfahrung. Seit 2009 arbeite ich als selbstst\u00e4ndiger Fotograf in den Bereichen Architektur-, Produkt- und Landschaftsfotografie. Ich bin 1986 in Berlin Kreuzberg geboren und lebe und arbeite hier auch heute noch.\u2026","rel":"","context":"\u00c4hnlicher Beitrag","block_context":{"text":"\u00c4hnlicher Beitrag","link":""},"img":{"alt_text":"Immobilienfotograf Portfolio Download","src":"https:\/\/i0.wp.com\/www.philipgunkel.de\/wp-content\/uploads\/2023\/01\/Cube_Philip-Gunkel-1.jpg?resize=350%2C200&ssl=1","width":350,"height":200,"srcset":"https:\/\/i0.wp.com\/www.philipgunkel.de\/wp-content\/uploads\/2023\/01\/Cube_Philip-Gunkel-1.jpg?resize=350%2C200&ssl=1 1x, https:\/\/i0.wp.com\/www.philipgunkel.de\/wp-content\/uploads\/2023\/01\/Cube_Philip-Gunkel-1.jpg?resize=525%2C300&ssl=1 1.5x, https:\/\/i0.wp.com\/www.philipgunkel.de\/wp-content\/uploads\/2023\/01\/Cube_Philip-Gunkel-1.jpg?resize=700%2C400&ssl=1 2x"},"classes":[]}],"jetpack_likes_enabled":true,"jetpack_sharing_enabled":true,"_links":{"self":[{"href":"https:\/\/www.philipgunkel.de\/de\/wp-json\/wp\/v2\/pages\/2","targetHints":{"allow":["GET"]}}],"collection":[{"href":"https:\/\/www.philipgunkel.de\/de\/wp-json\/wp\/v2\/pages"}],"about":[{"href":"https:\/\/www.philipgunkel.de\/de\/wp-json\/wp\/v2\/types\/page"}],"author":[{"embeddable":true,"href":"https:\/\/www.philipgunkel.de\/de\/wp-json\/wp\/v2\/users\/1"}],"replies":[{"embeddable":true,"href":"https:\/\/www.philipgunkel.de\/de\/wp-json\/wp\/v2\/comments?post=2"}],"version-history":[{"count":0,"href":"https:\/\/www.philipgunkel.de\/de\/wp-json\/wp\/v2\/pages\/2\/revisions"}],"wp:attachment":[{"href":"https:\/\/www.philipgunkel.de\/de\/wp-json\/wp\/v2\/media?parent=2"}],"curies":[{"name":"wp","href":"https:\/\/api.w.org\/{rel}","templated":true}]}}