{"id":6607,"date":"2020-05-03T20:34:57","date_gmt":"2020-05-03T18:34:57","guid":{"rendered":"https:\/\/www.philipgunkel.de\/?page_id=6607"},"modified":"2023-01-10T11:14:31","modified_gmt":"2023-01-10T10:14:31","slug":"aerial-video","status":"publish","type":"page","link":"https:\/\/www.philipgunkel.de\/de\/aerial-video\/","title":{"rendered":"LUFTAUFNAHMEN"},"content":{"rendered":"<div class=\"epyt-gallery\" data-currpage=\"1\" id=\"epyt_gallery_53526\"><iframe loading=\"lazy\"  style=\"display: block; margin: 0px auto;\"  id=\"_ytid_96934\"  width=\"1920\" height=\"1080\"  data-origwidth=\"1920\" data-origheight=\"1080\"  data-relstop=\"1\" src=\"https:\/\/www.youtube.com\/embed\/zgS3H32PXs0?enablejsapi=1&autoplay=0&cc_load_policy=1&cc_lang_pref=&iv_load_policy=1&loop=0&rel=0&fs=1&playsinline=0&autohide=2&hl=de_DE&theme=dark&color=red&controls=1&disablekb=0&\" class=\"__youtube_prefs__  no-lazyload\" title=\"VIDEO AUS DER LUFT\"  data-epytgalleryid=\"epyt_gallery_53526\"  allow=\"fullscreen; accelerometer; autoplay; clipboard-write; encrypted-media; gyroscope; picture-in-picture; web-share\" referrerpolicy=\"strict-origin-when-cross-origin\" allowfullscreen data-no-lazy=\"1\" data-skipgform_ajax_framebjll=\"\"><\/iframe><div class=\"epyt-gallery-subscribe\"><a target=\"_blank\" class=\"epyt-gallery-subbutton\" href=\"https:\/\/www.youtube.com\/channel\/UC7zPVRkZRnJ8kb6iSJEnmxA?sub_confirmation=1\"><img decoding=\"async\" alt=\"subscribe\" src=\"https:\/\/www.philipgunkel.de\/wp-content\/plugins\/youtube-embed-plus\/images\/play-subscribe.png\" \/>Subscribe on youtube<\/a><\/div><div class=\"epyt-gallery-list\"><div class=\"epyt-pagination\"><div tabindex=\"0\" role=\"button\" class=\"epyt-pagebutton epyt-prev  hide\" data-playlistid=\"PLhuzx5oUtOoCA4016uQumUXl6dtBvSxSA\" data-pagesize=\"24\" data-pagetoken=\"\" data-epcolumns=\"3\" data-showtitle=\"1\" data-showpaging=\"1\" data-autonext=\"0\" data-thumbplay=\"1\"><div class=\"epyt-arrow\">&laquo;<\/div> <div>Prev<\/div><\/div><div class=\"epyt-pagenumbers hide\"><div class=\"epyt-current\">1<\/div><div class=\"epyt-pageseparator\"> \/ <\/div><div class=\"epyt-totalpages\">1<\/div><\/div><div tabindex=\"0\" role=\"button\" class=\"epyt-pagebutton epyt-next hide\" data-playlistid=\"PLhuzx5oUtOoCA4016uQumUXl6dtBvSxSA\" data-pagesize=\"24\" data-pagetoken=\"\" data-epcolumns=\"3\" data-showtitle=\"1\" data-showpaging=\"1\" data-autonext=\"0\" data-thumbplay=\"1\"><div>Next<\/div> <div class=\"epyt-arrow\">&raquo;<\/div><\/div><div class=\"epyt-loader\"><img loading=\"lazy\" decoding=\"async\" alt=\"loading\" width=\"16\" height=\"11\" src=\"https:\/\/www.philipgunkel.de\/wp-content\/plugins\/youtube-embed-plus\/images\/gallery-page-loader.gif\"><\/div><\/div><div class=\"epyt-gallery-allthumbs  epyt-cols-3\"><div tabindex=\"0\" role=\"button\" data-videoid=\"zgS3H32PXs0\" class=\"epyt-gallery-thumb\"><div class=\"epyt-gallery-img-box\"><div class=\"epyt-gallery-img\" style=\"background-image: url(https:\/\/i.ytimg.com\/vi\/zgS3H32PXs0\/hqdefault.jpg)\"><div class=\"epyt-gallery-playhover\"><img loading=\"lazy\" decoding=\"async\" alt=\"play\" class=\"epyt-play-img\" width=\"30\" height=\"23\" src=\"https:\/\/www.philipgunkel.de\/wp-content\/plugins\/youtube-embed-plus\/images\/playhover.png\" data-no-lazy=\"1\" data-skipgform_ajax_framebjll=\"\" \/><div class=\"epyt-gallery-playcrutch\"><\/div><\/div><\/div><\/div><div class=\"epyt-gallery-title\">Seebadvillen Immobilien Aerial Teaser 4K UHD 2160p<\/div><\/div><div tabindex=\"0\" role=\"button\" data-videoid=\"cgZMqgL9-Uk\" class=\"epyt-gallery-thumb\"><div class=\"epyt-gallery-img-box\"><div class=\"epyt-gallery-img\" style=\"background-image: url(https:\/\/i.ytimg.com\/vi\/cgZMqgL9-Uk\/hqdefault.jpg)\"><div class=\"epyt-gallery-playhover\"><img loading=\"lazy\" decoding=\"async\" alt=\"play\" class=\"epyt-play-img\" width=\"30\" height=\"23\" src=\"https:\/\/www.philipgunkel.de\/wp-content\/plugins\/youtube-embed-plus\/images\/playhover.png\" data-no-lazy=\"1\" data-skipgform_ajax_framebjll=\"\" \/><div class=\"epyt-gallery-playcrutch\"><\/div><\/div><\/div><\/div><div class=\"epyt-gallery-title\">TIAMO real estate sunrise Aerial Teaser Potsdam 4K 2160p<\/div><\/div><div tabindex=\"0\" role=\"button\" data-videoid=\"of6hHcCscfM\" class=\"epyt-gallery-thumb\"><div class=\"epyt-gallery-img-box\"><div class=\"epyt-gallery-img\" style=\"background-image: url(https:\/\/i.ytimg.com\/vi\/of6hHcCscfM\/hqdefault.jpg)\"><div class=\"epyt-gallery-playhover\"><img loading=\"lazy\" decoding=\"async\" alt=\"play\" class=\"epyt-play-img\" width=\"30\" height=\"23\" src=\"https:\/\/www.philipgunkel.de\/wp-content\/plugins\/youtube-embed-plus\/images\/playhover.png\" data-no-lazy=\"1\" data-skipgform_ajax_framebjll=\"\" \/><div class=\"epyt-gallery-playcrutch\"><\/div><\/div><\/div><\/div><div class=\"epyt-gallery-title\">Real Estate Sunset Aerial Teaser Potsdam for Fidelio Berlin 4K UHD 2160p<\/div><\/div><div class=\"epyt-gallery-rowbreak\"><\/div><div tabindex=\"0\" role=\"button\" data-videoid=\"jnZZVMgtZxQ\" class=\"epyt-gallery-thumb\"><div class=\"epyt-gallery-img-box\"><div class=\"epyt-gallery-img\" style=\"background-image: url(https:\/\/i.ytimg.com\/vi\/jnZZVMgtZxQ\/hqdefault.jpg)\"><div class=\"epyt-gallery-playhover\"><img loading=\"lazy\" decoding=\"async\" alt=\"play\" class=\"epyt-play-img\" width=\"30\" height=\"23\" src=\"https:\/\/www.philipgunkel.de\/wp-content\/plugins\/youtube-embed-plus\/images\/playhover.png\" data-no-lazy=\"1\" data-skipgform_ajax_framebjll=\"\" \/><div class=\"epyt-gallery-playcrutch\"><\/div><\/div><\/div><\/div><div class=\"epyt-gallery-title\">Geomin Industriemineralien GmbH Aerial Teaser 2021 4K 2160p<\/div><\/div><div tabindex=\"0\" role=\"button\" data-videoid=\"1tG4q49nxik\" class=\"epyt-gallery-thumb\"><div class=\"epyt-gallery-img-box\"><div class=\"epyt-gallery-img\" style=\"background-image: url(https:\/\/i.ytimg.com\/vi\/1tG4q49nxik\/hqdefault.jpg)\"><div class=\"epyt-gallery-playhover\"><img loading=\"lazy\" decoding=\"async\" alt=\"play\" class=\"epyt-play-img\" width=\"30\" height=\"23\" src=\"https:\/\/www.philipgunkel.de\/wp-content\/plugins\/youtube-embed-plus\/images\/playhover.png\" data-no-lazy=\"1\" data-skipgform_ajax_framebjll=\"\" \/><div class=\"epyt-gallery-playcrutch\"><\/div><\/div><\/div><\/div><div class=\"epyt-gallery-title\">Real Estate Winter Aerial Teaser Potsdam Geschwister Scholl Str.  4K 2160p<\/div><\/div><div tabindex=\"0\" role=\"button\" data-videoid=\"4tWOqemZKzM\" class=\"epyt-gallery-thumb\"><div class=\"epyt-gallery-img-box\"><div class=\"epyt-gallery-img\" style=\"background-image: url(https:\/\/i.ytimg.com\/vi\/4tWOqemZKzM\/hqdefault.jpg)\"><div class=\"epyt-gallery-playhover\"><img loading=\"lazy\" decoding=\"async\" alt=\"play\" class=\"epyt-play-img\" width=\"30\" height=\"23\" src=\"https:\/\/www.philipgunkel.de\/wp-content\/plugins\/youtube-embed-plus\/images\/playhover.png\" data-no-lazy=\"1\" data-skipgform_ajax_framebjll=\"\" \/><div class=\"epyt-gallery-playcrutch\"><\/div><\/div><\/div><\/div><div class=\"epyt-gallery-title\">Villa Tummeley Potsdam aerial 2160p 140Mbps<\/div><\/div><div class=\"epyt-gallery-rowbreak\"><\/div><div tabindex=\"0\" role=\"button\" data-videoid=\"T7v5PyiC3Ec\" class=\"epyt-gallery-thumb\"><div class=\"epyt-gallery-img-box\"><div class=\"epyt-gallery-img\" style=\"background-image: url(https:\/\/i.ytimg.com\/vi\/T7v5PyiC3Ec\/hqdefault.jpg)\"><div class=\"epyt-gallery-playhover\"><img loading=\"lazy\" decoding=\"async\" alt=\"play\" class=\"epyt-play-img\" width=\"30\" height=\"23\" src=\"https:\/\/www.philipgunkel.de\/wp-content\/plugins\/youtube-embed-plus\/images\/playhover.png\" data-no-lazy=\"1\" data-skipgform_ajax_framebjll=\"\" \/><div class=\"epyt-gallery-playcrutch\"><\/div><\/div><\/div><\/div><div class=\"epyt-gallery-title\">Real Estate Sunrise Aerial Teaser Potsdam Orangerie Tiefer See  4K UHD 2160p<\/div><\/div><div tabindex=\"0\" role=\"button\" data-videoid=\"EX_qGMXBUSY\" class=\"epyt-gallery-thumb\"><div class=\"epyt-gallery-img-box\"><div class=\"epyt-gallery-img\" style=\"background-image: url(https:\/\/i.ytimg.com\/vi\/EX_qGMXBUSY\/hqdefault.jpg)\"><div class=\"epyt-gallery-playhover\"><img loading=\"lazy\" decoding=\"async\" alt=\"play\" class=\"epyt-play-img\" width=\"30\" height=\"23\" src=\"https:\/\/www.philipgunkel.de\/wp-content\/plugins\/youtube-embed-plus\/images\/playhover.png\" data-no-lazy=\"1\" data-skipgform_ajax_framebjll=\"\" \/><div class=\"epyt-gallery-playcrutch\"><\/div><\/div><\/div><\/div><div class=\"epyt-gallery-title\">Orangerie Potsdam Aerial Teaser Baudokumentation 1080p FHD<\/div><\/div><div tabindex=\"0\" role=\"button\" data-videoid=\"VKiQjZ7Rx88\" class=\"epyt-gallery-thumb\"><div class=\"epyt-gallery-img-box\"><div class=\"epyt-gallery-img\" style=\"background-image: url(https:\/\/i.ytimg.com\/vi\/VKiQjZ7Rx88\/hqdefault.jpg)\"><div class=\"epyt-gallery-playhover\"><img loading=\"lazy\" decoding=\"async\" alt=\"play\" class=\"epyt-play-img\" width=\"30\" height=\"23\" src=\"https:\/\/www.philipgunkel.de\/wp-content\/plugins\/youtube-embed-plus\/images\/playhover.png\" data-no-lazy=\"1\" data-skipgform_ajax_framebjll=\"\" \/><div class=\"epyt-gallery-playcrutch\"><\/div><\/div><\/div><\/div><div class=\"epyt-gallery-title\">Kreuzberg 36 Wrangelstra\u00dfe Immobilien aerial teaser 4K 2160p UHD<\/div><\/div><div class=\"epyt-gallery-rowbreak\"><\/div><div tabindex=\"0\" role=\"button\" data-videoid=\"1HFCmkW1OCc\" class=\"epyt-gallery-thumb\"><div class=\"epyt-gallery-img-box\"><div class=\"epyt-gallery-img\" style=\"background-image: url(https:\/\/i.ytimg.com\/vi\/1HFCmkW1OCc\/hqdefault.jpg)\"><div class=\"epyt-gallery-playhover\"><img loading=\"lazy\" decoding=\"async\" alt=\"play\" class=\"epyt-play-img\" width=\"30\" height=\"23\" src=\"https:\/\/www.philipgunkel.de\/wp-content\/plugins\/youtube-embed-plus\/images\/playhover.png\" data-no-lazy=\"1\" data-skipgform_ajax_framebjll=\"\" \/><div class=\"epyt-gallery-playcrutch\"><\/div><\/div><\/div><\/div><div class=\"epyt-gallery-title\">SUPERNAL II 4K 2160p Mavic 2 Pro<\/div><\/div><div tabindex=\"0\" role=\"button\" data-videoid=\"URPhMpv4fS0\" class=\"epyt-gallery-thumb\"><div class=\"epyt-gallery-img-box\"><div class=\"epyt-gallery-img\" style=\"background-image: url(https:\/\/i.ytimg.com\/vi\/URPhMpv4fS0\/hqdefault.jpg)\"><div class=\"epyt-gallery-playhover\"><img loading=\"lazy\" decoding=\"async\" alt=\"play\" class=\"epyt-play-img\" width=\"30\" height=\"23\" src=\"https:\/\/www.philipgunkel.de\/wp-content\/plugins\/youtube-embed-plus\/images\/playhover.png\" data-no-lazy=\"1\" data-skipgform_ajax_framebjll=\"\" \/><div class=\"epyt-gallery-playcrutch\"><\/div><\/div><\/div><\/div><div class=\"epyt-gallery-title\">SUPERNAL AERIAL VIEWS 4K 2160p Dji Phantom 4 Pro<\/div><\/div><div tabindex=\"0\" role=\"button\" data-videoid=\"3hTl1Xpfxoc\" class=\"epyt-gallery-thumb\"><div class=\"epyt-gallery-img-box\"><div class=\"epyt-gallery-img\" style=\"background-image: url(https:\/\/i.ytimg.com\/vi\/3hTl1Xpfxoc\/hqdefault.jpg)\"><div class=\"epyt-gallery-playhover\"><img loading=\"lazy\" decoding=\"async\" alt=\"play\" class=\"epyt-play-img\" width=\"30\" height=\"23\" src=\"https:\/\/www.philipgunkel.de\/wp-content\/plugins\/youtube-embed-plus\/images\/playhover.png\" data-no-lazy=\"1\" data-skipgform_ajax_framebjll=\"\" \/><div class=\"epyt-gallery-playcrutch\"><\/div><\/div><\/div><\/div><div class=\"epyt-gallery-title\">Auerbacher Schloss Aerial Portrait DJI Phantom 4 Pro 4K 2160p 50fps<\/div><\/div><div class=\"epyt-gallery-rowbreak\"><\/div><div tabindex=\"0\" role=\"button\" data-videoid=\"-PEXZ_0zCAA\" class=\"epyt-gallery-thumb\"><div class=\"epyt-gallery-img-box\"><div class=\"epyt-gallery-img\" style=\"background-image: url(https:\/\/i.ytimg.com\/vi\/-PEXZ_0zCAA\/hqdefault.jpg)\"><div class=\"epyt-gallery-playhover\"><img loading=\"lazy\" decoding=\"async\" alt=\"play\" class=\"epyt-play-img\" width=\"30\" height=\"23\" src=\"https:\/\/www.philipgunkel.de\/wp-content\/plugins\/youtube-embed-plus\/images\/playhover.png\" data-no-lazy=\"1\" data-skipgform_ajax_framebjll=\"\" \/><div class=\"epyt-gallery-playcrutch\"><\/div><\/div><\/div><\/div><div class=\"epyt-gallery-title\">Autumn Colors 4K 2160p DJI Mavic 2 Pro autumn footage<\/div><\/div><div class=\"epyt-gallery-clear\"><\/div><\/div><div class=\"epyt-pagination\"><div tabindex=\"0\" role=\"button\" class=\"epyt-pagebutton epyt-prev  hide\" data-playlistid=\"PLhuzx5oUtOoCA4016uQumUXl6dtBvSxSA\" data-pagesize=\"24\" data-pagetoken=\"\" data-epcolumns=\"3\" data-showtitle=\"1\" data-showpaging=\"1\" data-autonext=\"0\" data-thumbplay=\"1\"><div class=\"epyt-arrow\">&laquo;<\/div> <div>Prev<\/div><\/div><div class=\"epyt-pagenumbers hide\"><div class=\"epyt-current\">1<\/div><div class=\"epyt-pageseparator\"> \/ <\/div><div class=\"epyt-totalpages\">1<\/div><\/div><div tabindex=\"0\" role=\"button\" class=\"epyt-pagebutton epyt-next hide\" data-playlistid=\"PLhuzx5oUtOoCA4016uQumUXl6dtBvSxSA\" data-pagesize=\"24\" data-pagetoken=\"\" data-epcolumns=\"3\" data-showtitle=\"1\" data-showpaging=\"1\" data-autonext=\"0\" data-thumbplay=\"1\"><div>Next<\/div> <div class=\"epyt-arrow\">&raquo;<\/div><\/div><div class=\"epyt-loader\"><img loading=\"lazy\" decoding=\"async\" alt=\"loading\" width=\"16\" height=\"11\" src=\"https:\/\/www.philipgunkel.de\/wp-content\/plugins\/youtube-embed-plus\/images\/gallery-page-loader.gif\"><\/div><\/div><\/div><\/div>","protected":false},"excerpt":{"rendered":"<div class=\"wrap-excerpt-more\"><a class=\"excerpt-more\" href=\"https:\/\/www.philipgunkel.de\/de\/aerial-video\/\">Read more<\/a><\/div>","protected":false},"author":1,"featured_media":0,"parent":0,"menu_order":0,"comment_status":"closed","ping_status":"closed","template":"","meta":{"om_disable_all_campaigns":false,"_monsterinsights_skip_tracking":false,"_monsterinsights_sitenote_active":false,"_monsterinsights_sitenote_note":"","_monsterinsights_sitenote_category":0,"advanced_seo_description":"","jetpack_seo_html_title":"","jetpack_seo_noindex":false,"jetpack_post_was_ever_published":false,"footnotes":""},"class_list":["post-6607","page","type-page","status-publish","hentry","post--no-featured-image"],"jetpack_shortlink":"https:\/\/wp.me\/P84tX0-1Iz","jetpack-related-posts":[{"id":6612,"url":"https:\/\/www.philipgunkel.de\/de\/adventure\/","url_meta":{"origin":6607,"position":0},"title":"ADVENTURE","author":"phigun","date":"3. Mai 2020","format":false,"excerpt":"","rel":"","context":"\u00c4hnlicher Beitrag","block_context":{"text":"\u00c4hnlicher Beitrag","link":""},"img":{"alt_text":"","src":"","width":0,"height":0},"classes":[]},{"id":9583,"url":"https:\/\/www.philipgunkel.de\/de\/architekturfotograf-immobilienfotograf-in-berlin\/","url_meta":{"origin":6607,"position":1},"title":"Architekturfotograf &#038; Immobilienfotograf in Berlin","author":"phigun","date":"10. Januar 2023","format":false,"excerpt":"Architekturfotograf & Immobilienfotograf in Berlin Ich bin Philip Gunkel, Ihr erfahrener Architekturfotograf & Immobilienfotograf in Berlin mit \u00fcber 15 Jahren Berufserfahrung. Seit 2009 arbeite ich als selbstst\u00e4ndiger Fotograf in den Bereichen Architektur-, Produkt- und Landschaftsfotografie. Ich bin 1986 in Berlin Kreuzberg geboren und lebe und arbeite hier auch heute noch.\u2026","rel":"","context":"\u00c4hnlicher Beitrag","block_context":{"text":"\u00c4hnlicher Beitrag","link":""},"img":{"alt_text":"Immobilienfotograf Portfolio Download","src":"https:\/\/i0.wp.com\/www.philipgunkel.de\/wp-content\/uploads\/2023\/01\/Cube_Philip-Gunkel-1.jpg?resize=350%2C200&ssl=1","width":350,"height":200,"srcset":"https:\/\/i0.wp.com\/www.philipgunkel.de\/wp-content\/uploads\/2023\/01\/Cube_Philip-Gunkel-1.jpg?resize=350%2C200&ssl=1 1x, https:\/\/i0.wp.com\/www.philipgunkel.de\/wp-content\/uploads\/2023\/01\/Cube_Philip-Gunkel-1.jpg?resize=525%2C300&ssl=1 1.5x, https:\/\/i0.wp.com\/www.philipgunkel.de\/wp-content\/uploads\/2023\/01\/Cube_Philip-Gunkel-1.jpg?resize=700%2C400&ssl=1 2x"},"classes":[]},{"id":1548,"url":"https:\/\/www.philipgunkel.de\/de\/publications-exhibitions\/","url_meta":{"origin":6607,"position":2},"title":"PUBLIKATIONEN \/ AUSSTELLUNGEN","author":"phigun","date":"24. Januar 2015","format":false,"excerpt":"publications ver\u00f6ffentlichungen exhibitions ausstellungen publications\/Ver\u00f6ffentlichungen Der Atem der Berge, Bruckmann Verlag,\u00a0zwei Doppelseiten, Format 24,3 x 30,6 cm, Hardcover mit Schutzumschlag,\u00a0ISBN-13: 978-3-7343-0627-3\u00a0 \/ \u00a0Samsung Curved Monitor Screen\u00a0Commercial\u00a0 \/ \u00a0MYP Magazine #16 Meine Stimme \"Breath of Berlin\" \/ fstoplounge \/ shutyouraperture.com\u00a0CAS \/ shutyouraperture.com Leonardo Glass Cube\u00a0 \/\u00a0\u00a0Camerapixo (en)visioniography Fine Art magazine No.\u2026","rel":"","context":"\u00c4hnlicher Beitrag","block_context":{"text":"\u00c4hnlicher Beitrag","link":""},"img":{"alt_text":"","src":"https:\/\/i0.wp.com\/www.philipgunkel.de\/wp-content\/uploads\/2014\/06\/showroom-projekte-Philip-Gunkel01-150x150.jpg?resize=350%2C200&ssl=1","width":350,"height":200,"srcset":"https:\/\/i0.wp.com\/www.philipgunkel.de\/wp-content\/uploads\/2014\/06\/showroom-projekte-Philip-Gunkel01-150x150.jpg?resize=350%2C200&ssl=1 1x, https:\/\/i0.wp.com\/www.philipgunkel.de\/wp-content\/uploads\/2014\/06\/showroom-projekte-Philip-Gunkel01-150x150.jpg?resize=525%2C300&ssl=1 1.5x, https:\/\/i0.wp.com\/www.philipgunkel.de\/wp-content\/uploads\/2014\/06\/showroom-projekte-Philip-Gunkel01-150x150.jpg?resize=700%2C400&ssl=1 2x, https:\/\/i0.wp.com\/www.philipgunkel.de\/wp-content\/uploads\/2014\/06\/showroom-projekte-Philip-Gunkel01-150x150.jpg?resize=1050%2C600&ssl=1 3x, https:\/\/i0.wp.com\/www.philipgunkel.de\/wp-content\/uploads\/2014\/06\/showroom-projekte-Philip-Gunkel01-150x150.jpg?resize=1400%2C800&ssl=1 4x"},"classes":[]},{"id":2732,"url":"https:\/\/www.philipgunkel.de\/de\/datenschutzerklaerung\/","url_meta":{"origin":6607,"position":3},"title":"DATENSCHUTZERKL\u00c4RUNG","author":"phigun","date":"26. Januar 2016","format":false,"excerpt":"Datenschutzerkl\u00e4rung 1. Name und Kontaktdaten des f\u00fcr die Verarbeitung Verantwortlichen Diese Datenschutz-Information gilt f\u00fcr die Datenverarbeitung durch: Verantwortlicher: Philip Gunkel, Kohlfurter Str. 37 10999 Berlin Email:kontakt@philipgunkel.de Telefon: +491639894111 2. Erhebung und Speicherung personenbezogener Daten sowie Art und Zweck von deren Verwendung a) Beim Besuch der Website Beim Aufrufen unserer Website\u2026","rel":"","context":"\u00c4hnlicher Beitrag","block_context":{"text":"\u00c4hnlicher Beitrag","link":""},"img":{"alt_text":"","src":"","width":0,"height":0},"classes":[]}],"jetpack_likes_enabled":true,"jetpack_sharing_enabled":true,"_links":{"self":[{"href":"https:\/\/www.philipgunkel.de\/de\/wp-json\/wp\/v2\/pages\/6607","targetHints":{"allow":["GET"]}}],"collection":[{"href":"https:\/\/www.philipgunkel.de\/de\/wp-json\/wp\/v2\/pages"}],"about":[{"href":"https:\/\/www.philipgunkel.de\/de\/wp-json\/wp\/v2\/types\/page"}],"author":[{"embeddable":true,"href":"https:\/\/www.philipgunkel.de\/de\/wp-json\/wp\/v2\/users\/1"}],"replies":[{"embeddable":true,"href":"https:\/\/www.philipgunkel.de\/de\/wp-json\/wp\/v2\/comments?post=6607"}],"version-history":[{"count":0,"href":"https:\/\/www.philipgunkel.de\/de\/wp-json\/wp\/v2\/pages\/6607\/revisions"}],"wp:attachment":[{"href":"https:\/\/www.philipgunkel.de\/de\/wp-json\/wp\/v2\/media?parent=6607"}],"curies":[{"name":"wp","href":"https:\/\/api.w.org\/{rel}","templated":true}]}}